{"id":171,"date":"2025-04-09T11:49:43","date_gmt":"2025-04-09T15:49:43","guid":{"rendered":"https:\/\/echeverria.world\/?page_id=171"},"modified":"2025-05-06T18:30:43","modified_gmt":"2025-05-06T22:30:43","slug":"contacto","status":"publish","type":"page","link":"https:\/\/echeverria.world\/?page_id=171","title":{"rendered":"CONTACTO"},"content":{"rendered":"\t\t<div data-elementor-type=\"wp-page\" data-elementor-id=\"171\" class=\"elementor elementor-171\">\n\t\t\t\t<div class=\"elementor-element elementor-element-09e255e e-con-full e-flex e-con e-parent\" data-id=\"09e255e\" data-element_type=\"container\">\n\t\t\t\t<div class=\"elementor-element elementor-element-0f3b5d5 elementor-widget elementor-widget-heading\" data-id=\"0f3b5d5\" data-element_type=\"widget\" data-widget_type=\"heading.default\">\n\t\t\t\t\t<h2 class=\"elementor-heading-title elementor-size-default\">CONTACTENOS<\/h2>\t\t\t\t<\/div>\n\t\t\t\t<\/div>\n\t\t<div class=\"elementor-element elementor-element-499d59c e-grid e-con-boxed e-con e-parent\" data-id=\"499d59c\" data-element_type=\"container\">\n\t\t\t\t\t<div class=\"e-con-inner\">\n\t\t\t\t<div class=\"elementor-element elementor-element-74d1362 elementor-widget elementor-widget-content_form_contact\" data-id=\"74d1362\" data-element_type=\"widget\" data-widget_type=\"content_form_contact.default\">\n\t\t\t\t<div class=\"elementor-widget-container\">\n\t\t\t\t\t<form action=\"https:\/\/echeverria.world\/wp-admin\/admin-post.php\" method=\"post\" name=\"content-form-74d1362\" id=\"content-form-74d1362\" class=\"ti-cf-module content-form content-form-contact content_form_contact\"><input type=\"hidden\" id=\"_wpnonce_contact\" name=\"_wpnonce_contact\" value=\"b23b4c356c\" \/><input type=\"hidden\" name=\"_wp_http_referer\" value=\"\/index.php?rest_route=%2Fwp%2Fv2%2Fpages%2F171\" \/><input type=\"hidden\" name=\"action\" value=\"content_form_submit\" \/><input type=\"hidden\" name=\"form-type\" value=\"contact\" \/><input type=\"hidden\" name=\"form-builder\" value=\"elementor\" \/><input type=\"hidden\" name=\"post-id\" value=\"171\" \/><input type=\"hidden\" name=\"form-id\" value=\"74d1362\" \/><fieldset class=\"content-form-field-text elementor-column elementor-col-100\"><label for=\"data[74d1362][name]\" >Nombre<span class=\"required-mark\"> *<\/span><\/label><input type=\"text\" name=\"data[74d1362][name]\" id=\"data[74d1362][name]\" required=\"required\"  placeholder=\"Nombre\"><\/fieldset><fieldset class=\"content-form-field-email elementor-column elementor-col-100\"><label for=\"data[74d1362][email]\" >Correo electr\u00f3nico<span class=\"required-mark\"> *<\/span><\/label><input type=\"text\" name=\"data[74d1362][email]\" id=\"data[74d1362][email]\" required=\"required\"  placeholder=\"Correo electr\u00f3nico\"><\/fieldset><fieldset class=\"content-form-field-number elementor-column elementor-col-100\"><label for=\"data[74d1362][phone]\" >Tel\u00e9fono<\/label><input type=\"text\" name=\"data[74d1362][phone]\" id=\"data[74d1362][phone]\"   placeholder=\"Tel\u00e9fono\"><\/fieldset><fieldset class=\"content-form-field-textarea elementor-column elementor-col-100\"><label for=\"data[74d1362][message]\" >Mensaje<span class=\"required-mark\"> *<\/span><\/label><textarea name=\"data[74d1362][message]\" id=\"data[74d1362][message]\"  required=\"required\" placeholder=\"Mensaje\" cols=\"30\" rows=\"5\"><\/textarea><\/fieldset><fieldset class=\"submit-form contact\"><button type=\"submit\" name=\"submit\"  value=\"submit-contact-74d1362\" class=\"\">Enviar<\/button><\/fieldset><\/form>\t\t\t\t<\/div>\n\t\t\t\t<\/div>\n\t\t\t\t<div class=\"elementor-element elementor-element-039f758 obfx-position-top elementor-widget elementor-widget-obfx-services\" data-id=\"039f758\" data-element_type=\"widget\" data-widget_type=\"obfx-services.default\">\n\t\t\t\t<div class=\"elementor-widget-container\">\n\t\t\t\t\t<div class=\"obfx-grid\"><div class=\"obfx-grid-container obfx-grid-desktop-3\">\t\t\t<div class=\"obfx-grid-wrapper\">\n\t\t\t\t\t\t\t\t<div class=\"obfx-service-box obfx-grid-col\">\n\t\t\t\t\t<span class=\"obfx-icon-wrap\"><i class=\"obfx-icon far fa-building\" aria-hidden=\"true\" style=\"color:#333333\"><\/i><\/span>\t\t\t\t\t\t<div class=\"obfx-service-box-content\">\n\t\t\t\t\t\t\t\t\t\t\t\t\t\t\t<h4 class=\"obfx-service-title\">Direcci\u00f3n<\/h4>\n\t\t\t\t\t\t\t\t\t\t\t\t\t\t\t\t<p class=\"obfx-service-text\">Av....<\/p>\n\t\t\t\t\t\t\t\t\t\t\t\t\t<\/div>\n\t\t\t\t\t\t\t\t\t<\/div>\n\t\t\t\t<\/a>\t\t\t<\/div>\n\t\t\t\t\t\t<div class=\"obfx-grid-wrapper\">\n\t\t\t\t\t\t\t\t<div class=\"obfx-service-box obfx-grid-col\">\n\t\t\t\t\t<span class=\"obfx-icon-wrap\"><i class=\"obfx-icon fas fa-phone\" aria-hidden=\"true\" style=\"color:#333333\"><\/i><\/span>\t\t\t\t\t\t<div class=\"obfx-service-box-content\">\n\t\t\t\t\t\t\t\t\t\t\t\t\t\t\t<h4 class=\"obfx-service-title\">Telefonos<\/h4>\n\t\t\t\t\t\t\t\t\t\t\t\t\t\t\t\t<p class=\"obfx-service-text\">+591 70186654<\/p>\n\t\t\t\t\t\t\t\t\t\t\t\t\t<\/div>\n\t\t\t\t\t\t\t\t\t<\/div>\n\t\t\t\t<\/a>\t\t\t<\/div>\n\t\t\t\t\t\t<div class=\"obfx-grid-wrapper\">\n\t\t\t\t\t\t\t\t<div class=\"obfx-service-box obfx-grid-col\">\n\t\t\t\t\t<span class=\"obfx-icon-wrap\"><i class=\"obfx-icon fas fa-handshake\" aria-hidden=\"true\" style=\"color:#333333\"><\/i><\/span>\t\t\t\t\t\t<div class=\"obfx-service-box-content\">\n\t\t\t\t\t\t\t\t\t\t\t\t\t\t\t<h4 class=\"obfx-service-title\">Consultor\u00eda<\/h4>\n\t\t\t\t\t\t\t\t\t\t\t\t\t\t\t\t<p class=\"obfx-service-text\">EN GEOMATICA<\/p>\n\t\t\t\t\t\t\t\t\t\t\t\t\t<\/div>\n\t\t\t\t\t\t\t\t\t<\/div>\n\t\t\t\t<\/a>\t\t\t<\/div>\n\t\t\t<\/div><\/div>\t\t\t\t<\/div>\n\t\t\t\t<\/div>\n\t\t\t\t\t<\/div>\n\t\t\t\t<\/div>\n\t\t\t\t<\/div>\n\t\t","protected":false},"excerpt":{"rendered":"<p>CONTACTENOS Nombre * Correo electr\u00f3nico * Tel\u00e9fono Mensaje * Enviar Direcci\u00f3n Av&#8230;. Telefonos +591 70186654 Consultor\u00eda EN GEOMATICA<\/p>\n","protected":false},"author":2,"featured_media":0,"parent":0,"menu_order":0,"comment_status":"closed","ping_status":"closed","template":"page-templates\/template-pagebuilder-full-width.php","meta":{"_themeisle_gutenberg_block_has_review":false,"footnotes":""},"class_list":["post-171","page","type-page","status-publish","hentry"],"_links":{"self":[{"href":"https:\/\/echeverria.world\/index.php?rest_route=\/wp\/v2\/pages\/171","targetHints":{"allow":["GET"]}}],"collection":[{"href":"https:\/\/echeverria.world\/index.php?rest_route=\/wp\/v2\/pages"}],"about":[{"href":"https:\/\/echeverria.world\/index.php?rest_route=\/wp\/v2\/types\/page"}],"author":[{"embeddable":true,"href":"https:\/\/echeverria.world\/index.php?rest_route=\/wp\/v2\/users\/2"}],"replies":[{"embeddable":true,"href":"https:\/\/echeverria.world\/index.php?rest_route=%2Fwp%2Fv2%2Fcomments&post=171"}],"version-history":[{"count":19,"href":"https:\/\/echeverria.world\/index.php?rest_route=\/wp\/v2\/pages\/171\/revisions"}],"predecessor-version":[{"id":376,"href":"https:\/\/echeverria.world\/index.php?rest_route=\/wp\/v2\/pages\/171\/revisions\/376"}],"wp:attachment":[{"href":"https:\/\/echeverria.world\/index.php?rest_route=%2Fwp%2Fv2%2Fmedia&parent=171"}],"curies":[{"name":"wp","href":"https:\/\/api.w.org\/{rel}","templated":true}]}}