{"id":30,"date":"2025-04-08T16:01:31","date_gmt":"2025-04-08T20:01:31","guid":{"rendered":"https:\/\/echeverria.world\/?page_id=30"},"modified":"2025-10-16T19:22:43","modified_gmt":"2025-10-16T23:22:43","slug":"inicio-2","status":"publish","type":"page","link":"https:\/\/echeverria.world\/","title":{"rendered":"Inicio"},"content":{"rendered":"\t\t<div data-elementor-type=\"wp-page\" data-elementor-id=\"30\" class=\"elementor elementor-30\">\n\t\t\t\t<div class=\"elementor-element elementor-element-bfa40bb e-flex e-con-boxed e-con e-parent\" data-id=\"bfa40bb\" data-element_type=\"container\">\n\t\t\t\t\t<div class=\"e-con-inner\">\n\t\t<div class=\"elementor-element elementor-element-c6d80b3 e-con-full e-flex e-con e-child\" data-id=\"c6d80b3\" data-element_type=\"container\">\n\t\t\t\t<div class=\"elementor-element elementor-element-1e34094 elementor-widget elementor-widget-image\" data-id=\"1e34094\" data-element_type=\"widget\" data-widget_type=\"image.default\">\n\t\t\t\t\t\t\t\t\t\t\t\t\t\t\t<img fetchpriority=\"high\" decoding=\"async\" width=\"512\" height=\"512\" src=\"https:\/\/echeverria.world\/wp-content\/uploads\/2025\/04\/cropped-cian-1.png\" class=\"attachment-large size-large wp-image-31\" alt=\"\" srcset=\"https:\/\/echeverria.world\/wp-content\/uploads\/2025\/04\/cropped-cian-1.png 512w, https:\/\/echeverria.world\/wp-content\/uploads\/2025\/04\/cropped-cian-1-300x300.png 300w, https:\/\/echeverria.world\/wp-content\/uploads\/2025\/04\/cropped-cian-1-150x150.png 150w, https:\/\/echeverria.world\/wp-content\/uploads\/2025\/04\/cropped-cian-1-270x270.png 270w, https:\/\/echeverria.world\/wp-content\/uploads\/2025\/04\/cropped-cian-1-192x192.png 192w, https:\/\/echeverria.world\/wp-content\/uploads\/2025\/04\/cropped-cian-1-180x180.png 180w, https:\/\/echeverria.world\/wp-content\/uploads\/2025\/04\/cropped-cian-1-32x32.png 32w\" sizes=\"(max-width: 512px) 100vw, 512px\" \/>\t\t\t\t\t\t\t\t\t\t\t\t\t\t\t<\/div>\n\t\t\t\t<\/div>\n\t\t<div class=\"elementor-element elementor-element-df7bbf4 e-con-full e-flex e-con e-child\" data-id=\"df7bbf4\" data-element_type=\"container\">\n\t\t\t\t<div class=\"elementor-element elementor-element-336a3f4 elementor-widget elementor-widget-text-editor\" data-id=\"336a3f4\" data-element_type=\"widget\" data-widget_type=\"text-editor.default\">\n\t\t\t\t\t\t\t\t\t<h1><b><span style=\"color: turquoise;\">M<\/span><\/b><b>APAS Y CARTOGRAFIA<\/b><\/h1><h1><b><span style=\"color: turquoise;\">P<\/span><\/b><b>ROYECTOS DE<\/b><\/h1><h1><b><span style=\"color: turquoise;\">M<\/span><\/b><b>EDIOAMBIENTE Y<\/b><\/h1><h1><b><span style=\"color: turquoise;\">G<\/span><\/b><b>EOGRAFIA <\/b><\/h1>\t\t\t\t\t\t\t\t<\/div>\n\t\t\t\t<\/div>\n\t\t\t\t\t<\/div>\n\t\t\t\t<\/div>\n\t\t<div class=\"elementor-element elementor-element-3529560 e-flex e-con-boxed e-con e-parent\" data-id=\"3529560\" data-element_type=\"container\">\n\t\t\t\t\t<div class=\"e-con-inner\">\n\t\t\t\t\t<\/div>\n\t\t\t\t<\/div>\n\t\t<div class=\"elementor-element elementor-element-c762aee e-flex e-con-boxed e-con e-parent\" data-id=\"c762aee\" data-element_type=\"container\" data-settings=\"{&quot;background_background&quot;:&quot;classic&quot;}\">\n\t\t\t\t\t<div class=\"e-con-inner\">\n\t\t<div class=\"elementor-element elementor-element-c262eb5 e-con-full e-flex e-con e-child\" data-id=\"c262eb5\" data-element_type=\"container\">\n\t\t\t\t<div class=\"elementor-element elementor-element-6207c24 elementor-widget__width-initial elementor-widget elementor-widget-heading\" data-id=\"6207c24\" data-element_type=\"widget\" data-widget_type=\"heading.default\">\n\t\t\t\t\t<h5 class=\"elementor-heading-title elementor-size-default\">Ingresa a: SIGGAP<\/h5>\t\t\t\t<\/div>\n\t\t\t\t<\/div>\n\t\t<div class=\"elementor-element elementor-element-59edecb e-con-full e-flex e-con e-child\" data-id=\"59edecb\" data-element_type=\"container\">\n\t\t\t\t<div class=\"elementor-element elementor-element-1f41138 elementor-widget elementor-widget-image\" data-id=\"1f41138\" data-element_type=\"widget\" data-widget_type=\"image.default\">\n\t\t\t\t\t\t\t\t\t\t\t\t\t\t\t\t<a href=\"https:\/\/echeverria.world\/?page_id=396\">\n\t\t\t\t\t\t\t<img decoding=\"async\" width=\"79\" height=\"84\" src=\"https:\/\/echeverria.world\/wp-content\/uploads\/2025\/04\/11.png\" class=\"attachment-large size-large wp-image-48\" alt=\"\" \/>\t\t\t\t\t\t\t\t<\/a>\n\t\t\t\t\t\t\t\t\t\t\t\t\t\t\t<\/div>\n\t\t\t\t<\/div>\n\t\t\t\t\t<\/div>\n\t\t\t\t<\/div>\n\t\t<div class=\"elementor-element elementor-element-6cfe41f e-flex e-con-boxed e-con e-parent\" data-id=\"6cfe41f\" data-element_type=\"container\" data-settings=\"{&quot;background_background&quot;:&quot;classic&quot;}\">\n\t\t\t\t\t<div class=\"e-con-inner\">\n\t\t<div class=\"elementor-element elementor-element-52bd0f2 e-con-full e-flex e-con e-child\" data-id=\"52bd0f2\" data-element_type=\"container\">\n\t\t<div class=\"elementor-element elementor-element-6dbfefe e-con-full e-flex e-con e-child\" data-id=\"6dbfefe\" data-element_type=\"container\">\n\t\t\t\t<\/div>\n\t\t\t\t<div class=\"elementor-element elementor-element-d306711 elementor-widget elementor-widget-heading\" data-id=\"d306711\" data-element_type=\"widget\" data-widget_type=\"heading.default\">\n\t\t\t\t\t<h1 class=\"elementor-heading-title elementor-size-default\">M\u00e1s de 20 a\u00f1os trabajando en el \u00e1mbito geogr\u00e1fico.\n<\/h1>\t\t\t\t<\/div>\n\t\t\t\t<div class=\"elementor-element elementor-element-6c10e3b elementor-widget elementor-widget-text-editor\" data-id=\"6c10e3b\" data-element_type=\"widget\" data-widget_type=\"text-editor.default\">\n\t\t\t\t\t\t\t\t\t<p><strong>Trabajamos en el proyecto que necesites<\/strong><\/p>\t\t\t\t\t\t\t\t<\/div>\n\t\t\t\t<div class=\"elementor-element elementor-element-ff82003 elementor-align-center elementor-widget elementor-widget-button\" data-id=\"ff82003\" data-element_type=\"widget\" data-widget_type=\"button.default\">\n\t\t\t\t\t\t\t\t\t\t<a class=\"elementor-button elementor-button-link elementor-size-sm\" href=\"#\">\n\t\t\t\t\t\t<span class=\"elementor-button-content-wrapper\">\n\t\t\t\t\t\t\t\t\t<span class=\"elementor-button-text\">CONTACTANOS<\/span>\n\t\t\t\t\t<\/span>\n\t\t\t\t\t<\/a>\n\t\t\t\t\t\t\t\t<\/div>\n\t\t\t\t<\/div>\n\t\t<div class=\"elementor-element elementor-element-4524eaf e-con-full e-flex e-con e-child\" data-id=\"4524eaf\" data-element_type=\"container\">\n\t\t\t\t<div class=\"elementor-element elementor-element-4f4439b elementor-widget elementor-widget-image\" data-id=\"4f4439b\" data-element_type=\"widget\" data-widget_type=\"image.default\">\n\t\t\t\t\t\t\t\t\t\t\t\t\t\t\t<img decoding=\"async\" width=\"715\" height=\"447\" src=\"https:\/\/echeverria.world\/wp-content\/uploads\/2025\/04\/Imagen1p.jpg\" class=\"attachment-large size-large wp-image-99\" alt=\"\" srcset=\"https:\/\/echeverria.world\/wp-content\/uploads\/2025\/04\/Imagen1p.jpg 715w, https:\/\/echeverria.world\/wp-content\/uploads\/2025\/04\/Imagen1p-300x188.jpg 300w\" sizes=\"(max-width: 715px) 100vw, 715px\" \/>\t\t\t\t\t\t\t\t\t\t\t\t\t\t\t<\/div>\n\t\t\t\t<\/div>\n\t\t\t\t\t<\/div>\n\t\t\t\t<\/div>\n\t\t\t\t<\/div>\n\t\t","protected":false},"excerpt":{"rendered":"<p>MAPAS Y CARTOGRAFIA PROYECTOS DE MEDIOAMBIENTE Y GEOGRAFIA Ingresa a: SIGGAP M\u00e1s de 20 a\u00f1os trabajando en el \u00e1mbito geogr\u00e1fico. Trabajamos en el proyecto que necesites CONTACTANOS<\/p>\n","protected":false},"author":2,"featured_media":0,"parent":0,"menu_order":0,"comment_status":"closed","ping_status":"closed","template":"","meta":{"_themeisle_gutenberg_block_has_review":false,"footnotes":""},"class_list":["post-30","page","type-page","status-publish","hentry"],"_links":{"self":[{"href":"https:\/\/echeverria.world\/index.php?rest_route=\/wp\/v2\/pages\/30","targetHints":{"allow":["GET"]}}],"collection":[{"href":"https:\/\/echeverria.world\/index.php?rest_route=\/wp\/v2\/pages"}],"about":[{"href":"https:\/\/echeverria.world\/index.php?rest_route=\/wp\/v2\/types\/page"}],"author":[{"embeddable":true,"href":"https:\/\/echeverria.world\/index.php?rest_route=\/wp\/v2\/users\/2"}],"replies":[{"embeddable":true,"href":"https:\/\/echeverria.world\/index.php?rest_route=%2Fwp%2Fv2%2Fcomments&post=30"}],"version-history":[{"count":69,"href":"https:\/\/echeverria.world\/index.php?rest_route=\/wp\/v2\/pages\/30\/revisions"}],"predecessor-version":[{"id":572,"href":"https:\/\/echeverria.world\/index.php?rest_route=\/wp\/v2\/pages\/30\/revisions\/572"}],"wp:attachment":[{"href":"https:\/\/echeverria.world\/index.php?rest_route=%2Fwp%2Fv2%2Fmedia&parent=30"}],"curies":[{"name":"wp","href":"https:\/\/api.w.org\/{rel}","templated":true}]}}